  {"id":27108,"date":"2022-08-25T12:02:56","date_gmt":"2022-08-25T16:02:56","guid":{"rendered":"https:\/\/umaine.edu\/mitchellcenter\/?page_id=27108"},"modified":"2022-09-13T16:17:50","modified_gmt":"2022-09-13T20:17:50","slug":"mitchell-center-publications-2009-10","status":"publish","type":"page","link":"https:\/\/umaine.edu\/mitchellcenter\/mitchell-center-publications-2009-10\/","title":{"rendered":"Mitchell Center Publications 2009-10"},"content":{"rendered":"<p>Following is a list of journal articles, book chapters and theses authored or co-authored by Mitchell Center community members from July 2009 to June 2010. The majority of these publications have undergone peer review.<\/p>\n<table class=\"alignleft\" border=\"2\" cellpadding=\"10\">\n<tbody>\n<tr>\n<th style=\"width: 350px;text-align: left;vertical-align: middle\" scope=\"col\" width=\"165\">Citation<\/th>\n<th style=\"width: 140px;text-align: left;vertical-align: middle\" scope=\"col\" width=\"140\">Type<\/th>\n<th style=\"width: 250px;text-align: left;vertical-align: middle\" scope=\"col\" width=\"261\">Link<\/th>\n<\/tr>\n<tr>\n<td>Baker, M.; Dhungel, S.; Davenport, M.E.; Leahy, J.E.and Bridges, C.A. 2010. An exploratory investigation of the roles friends\u2019 groups play in national park management. Journal of Outdoor Recreation, Education, and Leadership. 2(3): 285-300.<\/td>\n<td width=\"57\">Journal Article<\/td>\n<td width=\"246\"><a href=\"https:\/\/js.sagamorepub.com\/jorel\/article\/view\/6631\" target=\"_blank\" rel=\"noopener\">https:\/\/js.sagamorepub.com\/jorel\/article\/view\/6631<\/a><\/td>\n<\/tr>\n<tr>\n<td>Benjamin, J.; R.J. Lilieholm and C. Coup. 2010. Forest Biomass Harvests: A \u201cSpecial Needs\u201d Operation? Northern Journal of Applied Forestry 27(2):45-49.<\/td>\n<td width=\"57\">Journal Article<\/td>\n<td width=\"246\"><a href=\"https:\/\/doi.org\/10.1093\/njaf\/27.2.45\" target=\"_blank\" rel=\"noopener\">doi.org\/10.1093\/njaf\/27.2.45<\/a><\/td>\n<\/tr>\n<tr>\n<td>Berteaux, D.; Blois, S.D.; Angers, J.F.; Bonin, J.; Casajus, N.; Darveau, M.; Fournier, F.; Humphries, M.M.; McGill, B.; Lariv\u00e9e. J.; Logan, T.; Nantel, P.; P\u00e9ri\u00e9, C.; Poisson, F.; Rodrigue, D.; Rouleau, S.; Siron, R.; Thuiller, W.; Vescovi, L. 2010. The CC-Bio Project: Studying the effects of climate change on Quebec biodiversity. Diversity 2(11):1181-1204.<\/td>\n<td width=\"57\">Journal Article<\/td>\n<td width=\"246\"><a href=\"https:\/\/doi.org\/10.3390\/d2111181\" target=\"_blank\" rel=\"noopener\">doi.org\/10.3390\/d2111181<\/a><\/td>\n<\/tr>\n<tr>\n<td>Binks, L.A.; D.A. Maclean; J.S. Wilson and R.G. Wagner. 2010. Temporal changes in species composition of mixedwood stands in northwest New Brunswick: 1946-2008. Canadian Journal of Forest Research 40: 1-12.<\/td>\n<td width=\"57\">Journal Article<\/td>\n<td width=\"246\"><a href=\"https:\/\/doi.org\/10.3390\/d2111181\" target=\"_blank\" rel=\"noopener\">doi.org\/10.3390\/d2111181<\/a><\/td>\n<\/tr>\n<tr>\n<td>Blomquist, S.M. and M.L. Hunter Jr. 2010. A multi-scale assessment of amphibian habitat selection: wood frog response to timber harvesting. Ecoscience 17: 251-264.<\/td>\n<td width=\"57\">Journal Article<\/td>\n<td width=\"246\"><a href=\"https:\/\/doi.org\/10.2980\/17-3-3316\" target=\"_blank\" rel=\"noopener\">doi.org\/10.2980\/17-3-3316<\/a><\/td>\n<\/tr>\n<tr>\n<td>Boyle, K.J.; Kuminoff, N.V.; Zhang, C. and K.P. Bell. 2010. Does a property-specific environmental health risk create a neighborhood housing-price stigma? Arsenic in private well water. Water Resources Research 1-10.<\/td>\n<td width=\"57\">Journal Article<\/td>\n<td width=\"246\"><a href=\"https:\/\/doi.org\/10.1029\/2009WR008074\" target=\"_blank\" rel=\"noopener\">doi.org\/10.1029\/2009WR008074<\/a><\/td>\n<\/tr>\n<tr>\n<td>Cronan, C.S.; R.J. Lilieholm; J. Tremblay and T. Glidden. 2010. An assessment of land conservation patterns in Maine based on spatial analysis of ecological and socioeconomic indicators. Environmental Management 45: 1076-1095.<\/td>\n<td width=\"57\">Journal Article<\/td>\n<td width=\"246\"><a href=\"http:\/\/doi.org\/10.1007\/s00267-010-9481-7\" target=\"_blank\" rel=\"noopener\">doi.org\/10.1007\/s00267-010-9481-7<\/a><\/td>\n<\/tr>\n<tr>\n<td>Davenport, M.; Baker, M.; Leahy, J. and Anderson, D. 2010. \u201cAn exploratory study of place meanings and significance of an Illinois state park.\u201d Journal of Park and Recreation Administration, 28(1): 52-69.<\/td>\n<td width=\"57\">Journal Article<\/td>\n<td width=\"246\"><a href=\"https:\/\/bit.ly\/3COhkSC\" target=\"_blank\" rel=\"noopener\">https:\/\/bit.ly\/3COhkSC<\/a><\/td>\n<\/tr>\n<tr>\n<td>Ditzler, K.E. 2010. Effects of white perch introductions on food web dynamics: Combining paleolimnological and whole-lake biomanipulation approaches. 91¸£Àû MS Thesis.<\/td>\n<td width=\"57\">Journal Article<\/td>\n<td width=\"246\"><a href=\"https:\/\/digitalcommons.library.umaine.edu\/etd\/1140\/\" target=\"_blank\" rel=\"noopener\">https:\/\/digitalcommons.library.umaine.edu\/etd\/1140\/<\/a><\/td>\n<\/tr>\n<tr>\n<td>Ednie, A.; Daigle, J. and Leahy, J. 2010. \u201cThe development of recreation place attachment on the Maine coast: User characteristics and reasons for visiting.\u201d Journal of Park and Recreation Administration, 28(1): 36-51.<\/td>\n<td width=\"57\">Journal Article<\/td>\n<td width=\"246\"><a href=\"https:\/\/bit.ly\/3KwcLhL\" target=\"_blank\" rel=\"noopener\">https:\/\/bit.ly\/3KwcLhL<\/a><\/td>\n<\/tr>\n<tr>\n<td>Gahl, M.K. and A.J.K. Calhoun. 2010. The role of multiple stressors in ranavirus-caused amphibian mortalities in Acadia National Park wetlands. Canadian Journal of Zoology 88: 108-121.<\/td>\n<td width=\"57\">Journal Article<\/td>\n<td width=\"246\"><a href=\"https:\/\/doi.org\/10.1139\/Z09-124\">doi.org\/10.1139\/Z09-124<\/a><\/td>\n<\/tr>\n<tr>\n<td>Gu, P.; J. Wang; Y. Zhu and H. Jiang. 2010. A novel weighted-graph-based grouping algorithm for metadata prefetching. IEEE Transactions on Computers 59(1): 1-15.<\/td>\n<td width=\"57\">Journal Article<\/td>\n<td width=\"246\">doi <a href=\"https:\/\/doi.org\/10.1109\/TC.2009.115\" target=\"_blank\" rel=\"noopener\">10.1109\/TC.2009.115<\/a><\/td>\n<\/tr>\n<tr>\n<td>Hart, D. and A.J.K. Calhoun. 2010. Rethinking the role of ecological research in the sustainable management of freshwater ecosystems. Freshwater Biology 55: 258\u2013269<\/td>\n<td width=\"57\">Journal Article<\/td>\n<td width=\"246\"><a href=\"https:\/\/doi.org\/10.1111\/j.1365-2427.2009.02370.x\" target=\"_blank\" rel=\"noopener\">doi.org\/10.1111\/j.1365-2427.2009.02370.x<\/a><\/td>\n<\/tr>\n<tr>\n<td>Holland, D. and G.E. Herrera, 2010. The benefits and risks of increased spatial resolution in management of fishery metapopulations under uncertainty. Natural Resource Modeling 23(4): 494-502.<\/td>\n<td width=\"57\">Journal Article<\/td>\n<td width=\"246\"><a href=\"https:\/\/doi.org\/10.1111\/j.1939-7445.2010.00071.x\" target=\"_blank\" rel=\"noopener\">doi.org\/10.1111\/j.1939-7445.2010.00071.x<\/a><\/td>\n<\/tr>\n<tr>\n<td>Holmes, T.; Murphy, E.; Bell, K.P. and Royle, D. 2010. Property value impacts of Hemlock Woolly Adelgid in residential forests. Forest Science 56(6): 529-540.<\/td>\n<td width=\"57\">Journal Article<\/td>\n<td width=\"246\"><a href=\"https:\/\/doi.org\/10.1093\/forestscience\/56.6.529\" target=\"_blank\" rel=\"noopener\">doi.org\/10.1093\/forestscience\/56.6.529<\/a><\/td>\n<\/tr>\n<tr>\n<td>Hunter, M.L., Jr;, E. Dinerstein; J. Hoekstra and D. Lindenmayer. 2010. Conserving biodiversity in the face of climate change: A call to action. Conservation Biology 24: 1169-1171.<\/td>\n<td width=\"57\">Journal Article<\/td>\n<td width=\"246\"><a href=\"http:\/\/doi.10.1111\/j.1523-1739.2010.01569.x\" target=\"_blank\" rel=\"noopener\">doi.10.1111\/j.1523-1739.2010.01569.x<\/a><\/td>\n<\/tr>\n<tr>\n<td>Leahy, J. and Anderson, D. 2010. Cooperation gets it done: Social capital in natural resources management along the Kaskaskia River. Society &amp; Natural Resources 23(3): 224-239.<\/td>\n<td width=\"57\">Journal Article<\/td>\n<td width=\"246\"><a href=\"https:\/\/doi.org\/10.1080\/08941920802378897\" target=\"_blank\" rel=\"noopener\">doi.org\/10.1080\/08941920802378897<\/a><\/td>\n<\/tr>\n<tr>\n<td>Lilieholm, R.J. and W.P. Weatherly. 2010. Kibale Forest wild coffee: Challenges to market-based conservation in Africa. Conservation Biology 24(4): 924-930.<\/td>\n<td width=\"57\">Journal Article<\/td>\n<td width=\"246\"><a href=\"https:\/\/doi.org\/10.1111\/j.1523-1739.2010.01527.x\" target=\"_blank\" rel=\"noopener\">doi.org\/10.1111\/j.1523-1739.2010.01527.x<\/a><\/td>\n<\/tr>\n<tr>\n<td>Lindenfeld, L.A. 2010. Can documentary food films like Food Inc. achieve their promise? Environmental Communication 4(3): 378 \u2013 386.<\/td>\n<td width=\"57\">Journal Article<\/td>\n<td width=\"246\"><a href=\"https:\/\/doi.org\/10.1080\/17524032.2010.500449\" target=\"_blank\" rel=\"noopener\">doi.org\/10.1080\/17524032.2010.500449<\/a><\/td>\n<\/tr>\n<tr>\n<td>Lindenfeld, L.A. 2010. Working outside the box: Advertising campaigns, downtown revitalization, and community engagement. Journal of Community Engagement and Higher Education 1(2).<\/td>\n<td width=\"57\">Journal Article<\/td>\n<td width=\"246\"><\/td>\n<\/tr>\n<tr>\n<td>Mann, M. and Leahy, J. 2010. Social capital in an outdoor recreation context. Environmental Management 45(2): 363-376.<\/td>\n<td width=\"57\">Journal Article<\/td>\n<td width=\"246\"><a href=\"http:\/\/doi.org\/10.1007\/s00267-009-9407-4\" target=\"_blank\" rel=\"noopener\">doi.org\/10.1007\/s00267-009-9407-4<\/a><\/td>\n<\/tr>\n<tr>\n<td>Morgan, D.E. 2010. <em>Rana sylvatica<\/em> (wood frog) egg mass surveys. Herpetological Review 41(2): 206.<\/td>\n<td width=\"57\">Journal Article<\/td>\n<td width=\"246\"><\/td>\n<\/tr>\n<tr>\n<td>Owen, D.; C. Bohlen; P. Glaser; Z. Henderson and C. Kilian. 2010. Collaboration, Clean Water Act residual designation authority, and collective permitting: A case study of Long Creek. Watershed Science Bulletin 1 :35-41<\/td>\n<td width=\"57\">Journal Article<\/td>\n<td width=\"246\">&nbsp;<\/p>\n<p><a href=\"https:\/\/digitalcommons.library.umaine.edu\/mitchellcenter_pubs\/82\/\" target=\"_blank\" rel=\"noopener\">https:\/\/digitalcommons.library.umaine.edu\/mitchellcenter_pubs\/82\/<\/a><\/p>\n<p>&nbsp;<\/td>\n<\/tr>\n<tr>\n<td>Petrin, Z.; E.G. Schilling; C.S. Loftin and F. Johansson. 2010. Predators shape distribution and promote diversification of morphological defenses in <em>Leucorrhinia, Odonata<\/em>. Evolutionary Ecology 24:1003-1016.<\/td>\n<td width=\"57\">Journal Article<\/td>\n<td width=\"246\"><a href=\"http:\/\/doi.org\/10.1007\/s10682-010-9361-x\" target=\"_blank\" rel=\"noopener\">doi.org\/10.1007\/s10682-010-9361-x<\/a><\/p>\n<p>&nbsp;<\/td>\n<\/tr>\n<tr>\n<td>Ryan, R.W.; Holland, D.E. and Herrera, G.E. 2010. Bioeconomic equilibrium in a bait-constrained fishery. Marine Resource Economics 25 (3): 281-293.<\/td>\n<td width=\"57\">Journal Article<\/td>\n<td width=\"246\"><a href=\"https:\/\/doi.org\/10.5950\/0738-1360-25.3.281\" target=\"_blank\" rel=\"noopener\">doi.org\/10.5950\/0738-1360-25.3.281<\/a><\/td>\n<\/tr>\n<tr>\n<td>Silka, L. 2010. Community research in other contexts: Learning from sustainability science. Journal of Empirical Research on Human Research Ethics 5(4): 3-11.<\/td>\n<td width=\"57\">Journal Article<\/td>\n<td width=\"246\"><a href=\"https:\/\/doi.org\/10.1525%2Fjer.2010.5.4.3\" target=\"_blank\" rel=\"noopener\">doi.org\/10.1525\/jer.2010.5.4.3<\/a><\/td>\n<\/tr>\n<tr>\n<td>Strojny, C. A. and M. L Hunter, Jr. 2010. Comparing relative abundance of amphibians in forest canopy gaps of natural origin vs. timber harvest origin. Animal Biodiversity and Conservation 33: 1-13.<\/td>\n<td width=\"57\">Journal Article<\/td>\n<td width=\"246\"><a href=\"https:\/\/digitalcommons.library.umaine.edu\/mitchellcenter_pubs\/2\/\" target=\"_blank\" rel=\"noopener\">https:\/\/digitalcommons.library.umaine.edu\/mitchellcenter_pubs\/2\/<\/a><\/td>\n<\/tr>\n<tr>\n<td>Tessema, M.E.; R.J. Lilieholm; N. Leader-Williams and Z.T. Ashenafi. 2010. Community attitudes toward wildlife and protected areas in Ethiopia. Society and Natural Resources 23(6): 489-506.<\/td>\n<td width=\"57\">Journal Article<\/td>\n<td width=\"246\"><a href=\"https:\/\/doi.org\/10.1080\/08941920903177867\" target=\"_blank\" rel=\"noopener\">doi.org\/10.1080\/08941920903177867<\/a><\/td>\n<\/tr>\n<tr>\n<td>Utley, L. 2010. Private landowners and public access in the northern forest: An analysis of landowner liability concerns and other characteristics that influence posting. 91¸£Àû MS Thesis.<\/td>\n<td width=\"57\">MS Thesis<\/td>\n<td width=\"246\"><a href=\"https:\/\/digitalcommons.library.umaine.edu\/etd\/1395\/\" target=\"_blank\" rel=\"noopener\">https:\/\/digitalcommons.library.umaine.edu\/etd\/1395\/<\/a><\/td>\n<\/tr>\n<tr>\n<td>Whitmer, A.; L. Ogden; J. Lawton; P. Sturner; P.M. Groffman; L. Schneider; D. Hart; B. Halpern; W. Schlesinger,; S. Raciti; N. Bettez; S. Ortega; L. Rustad; S.T.A. Pickett and M. Killelea. 2010. The engaged university: Providing a platform for research that transforms society. Frontiers in Ecology and Environment 6: 314-321.<\/td>\n<td width=\"57\">Journal Article<\/td>\n<td width=\"246\"><a href=\"https:\/\/doi.org\/10.1890\/090241\" target=\"_blank\" rel=\"noopener\">doi.org\/10.1890\/090241<\/a><\/p>\n<p>&nbsp;<\/td>\n<\/tr>\n<tr>\n<td>Whitesell, S.; R.J. Lilieholm and T.L. Sharik. 2010. A global survey of tropical biological field stations. Pages 5-14 in BioScience Topics in Biological Field Stations, University of California Press.<\/td>\n<td width=\"57\">Book Chapter<\/td>\n<td width=\"246\"><\/td>\n<\/tr>\n<\/tbody>\n<\/table>\n","protected":false},"excerpt":{"rendered":"<p>Following is a list of journal articles, book chapters and theses authored or co-authored by Mitchell Center community members from July 2009 to June 2010. The majority of these publications have undergone peer review. Citation Type Link Baker, M.; Dhungel, S.; Davenport, M.E.; Leahy, J.E.and Bridges, C.A. 2010. An exploratory investigation of the roles friends\u2019 [&hellip;]<\/p>\n","protected":false},"author":957,"featured_media":0,"parent":0,"menu_order":0,"comment_status":"closed","ping_status":"closed","template":"templates\/page-withsidebar.php","meta":{"_seopress_robots_primary_cat":"","_seopress_titles_title":"","_seopress_titles_desc":"","_seopress_robots_index":"","_kad_blocks_custom_css":"","_kad_blocks_head_custom_js":"","_kad_blocks_body_custom_js":"","_kad_blocks_footer_custom_js":"","_monsterinsights_skip_tracking":false,"_monsterinsights_sitenote_active":false,"_monsterinsights_sitenote_note":"","_monsterinsights_sitenote_category":0,"footnotes":""},"class_list":["post-27108","page","type-page","status-publish","hentry"],"taxonomy_info":[],"featured_image_src_large":false,"author_info":{"display_name":"mitchellcenter","author_link":"https:\/\/umaine.edu\/mitchellcenter\/author\/mitchellcenter\/"},"comment_info":0,"_links":{"self":[{"href":"https:\/\/umaine.edu\/mitchellcenter\/wp-json\/wp\/v2\/pages\/27108","targetHints":{"allow":["GET"]}}],"collection":[{"href":"https:\/\/umaine.edu\/mitchellcenter\/wp-json\/wp\/v2\/pages"}],"about":[{"href":"https:\/\/umaine.edu\/mitchellcenter\/wp-json\/wp\/v2\/types\/page"}],"author":[{"embeddable":true,"href":"https:\/\/umaine.edu\/mitchellcenter\/wp-json\/wp\/v2\/users\/957"}],"replies":[{"embeddable":true,"href":"https:\/\/umaine.edu\/mitchellcenter\/wp-json\/wp\/v2\/comments?post=27108"}],"version-history":[{"count":7,"href":"https:\/\/umaine.edu\/mitchellcenter\/wp-json\/wp\/v2\/pages\/27108\/revisions"}],"predecessor-version":[{"id":27188,"href":"https:\/\/umaine.edu\/mitchellcenter\/wp-json\/wp\/v2\/pages\/27108\/revisions\/27188"}],"wp:attachment":[{"href":"https:\/\/umaine.edu\/mitchellcenter\/wp-json\/wp\/v2\/media?parent=27108"}],"curies":[{"name":"wp","href":"https:\/\/api.w.org\/{rel}","templated":true}]}}