  {"id":12741,"date":"2025-11-06T12:14:25","date_gmt":"2025-11-06T17:14:25","guid":{"rendered":"https:\/\/umaine.edu\/canam\/?page_id=12741"},"modified":"2025-11-07T10:13:14","modified_gmt":"2025-11-07T15:13:14","slug":"online-aieq-book","status":"publish","type":"page","link":"https:\/\/umaine.edu\/canam\/online-aieq-book\/","title":{"rendered":"Le Qu\u00e9bec, connais-tu? Book giveaway"},"content":{"rendered":"<style>.kb-row-layout-wrap.wp-block-kadence-rowlayout.kb-row-layout-id12741_518a9e-d5{margin-top:0px;margin-bottom:0px;}.kb-row-layout-id12741_518a9e-d5 > .kt-row-column-wrap{align-content:start;}:where(.kb-row-layout-id12741_518a9e-d5 > .kt-row-column-wrap) > .wp-block-kadence-column{justify-content:start;}.kb-row-layout-id12741_518a9e-d5 > .kt-row-column-wrap{column-gap:60px;row-gap:var(--global-kb-gap-md, 2rem);max-width:1268px;padding-top:50px;padding-bottom:8px;grid-template-columns:minmax(0, 1fr);}.kb-row-layout-id12741_518a9e-d5{background-image:linear-gradient(60deg,rgb(8,46,88) 47%,rgb(65,118,161) 93%);}.kb-row-layout-id12741_518a9e-d5 > .kt-row-layout-overlay{opacity:0.30;}@media all and (max-width: 1024px){.kb-row-layout-id12741_518a9e-d5 > .kt-row-column-wrap{column-gap:var(--global-kb-gap-sm, 1rem);grid-template-columns:minmax(0, 1fr);}}@media all and (max-width: 767px){.kb-row-layout-id12741_518a9e-d5 > .kt-row-column-wrap{padding-top:0px;padding-right:0px;padding-bottom:25px;padding-left:0px;grid-template-columns:minmax(0, 1fr);}}<\/style><div class=\"kb-row-layout-wrap kb-row-layout-id12741_518a9e-d5 alignfull kt-row-has-bg um-UMBHHeaderNoImage wp-block-kadence-rowlayout\"><div class=\"kt-row-column-wrap kt-has-1-columns kt-row-layout-equal kt-tab-layout-inherit kt-mobile-layout-row kt-row-valign-top kb-theme-content-width\">\n<style>.kadence-column12741_8d3092-af > .kt-inside-inner-col,.kadence-column12741_8d3092-af > .kt-inside-inner-col:before{border-top-left-radius:0px;border-top-right-radius:0px;border-bottom-right-radius:0px;border-bottom-left-radius:0px;}.kadence-column12741_8d3092-af > .kt-inside-inner-col{column-gap:var(--global-kb-gap-sm, 1rem);}.kadence-column12741_8d3092-af > .kt-inside-inner-col{flex-direction:column;}.kadence-column12741_8d3092-af > .kt-inside-inner-col > .aligncenter{width:100%;}.kadence-column12741_8d3092-af > .kt-inside-inner-col:before{opacity:0.3;}.kadence-column12741_8d3092-af{position:relative;}@media all and (max-width: 1024px){.kadence-column12741_8d3092-af > .kt-inside-inner-col{flex-direction:column;justify-content:center;}}@media all and (max-width: 767px){.kadence-column12741_8d3092-af > .kt-inside-inner-col{flex-direction:column;justify-content:center;}}<\/style>\n<div class=\"wp-block-kadence-column kadence-column12741_8d3092-af\"><div class=\"kt-inside-inner-col\"><style>.wp-block-kadence-advancedheading.kt-adv-heading12741_601024-6a, .wp-block-kadence-advancedheading.kt-adv-heading12741_601024-6a[data-kb-block=\"kb-adv-heading12741_601024-6a\"]{padding-top:0px;padding-bottom:0px;text-align:center;font-size:45px;font-weight:900;font-style:normal;font-family:stratum-1-web;text-transform:uppercase;}.wp-block-kadence-advancedheading.kt-adv-heading12741_601024-6a mark.kt-highlight, .wp-block-kadence-advancedheading.kt-adv-heading12741_601024-6a[data-kb-block=\"kb-adv-heading12741_601024-6a\"] mark.kt-highlight{font-style:normal;color:#f76a0c;-webkit-box-decoration-break:clone;box-decoration-break:clone;padding-top:0px;padding-right:0px;padding-bottom:0px;padding-left:0px;}.wp-block-kadence-advancedheading.kt-adv-heading12741_601024-6a img.kb-inline-image, .wp-block-kadence-advancedheading.kt-adv-heading12741_601024-6a[data-kb-block=\"kb-adv-heading12741_601024-6a\"] img.kb-inline-image{width:150px;vertical-align:baseline;}@media all and (max-width: 1024px){.wp-block-kadence-advancedheading.kt-adv-heading12741_601024-6a, .wp-block-kadence-advancedheading.kt-adv-heading12741_601024-6a[data-kb-block=\"kb-adv-heading12741_601024-6a\"]{text-align:center!important;}}@media all and (max-width: 767px){.wp-block-kadence-advancedheading.kt-adv-heading12741_601024-6a, .wp-block-kadence-advancedheading.kt-adv-heading12741_601024-6a[data-kb-block=\"kb-adv-heading12741_601024-6a\"]{padding-right:25px;padding-left:25px;text-align:center!important;}}<\/style>\n<h2 class=\"kt-adv-heading12741_601024-6a wp-block-kadence-advancedheading has-white-color has-text-color\" data-kb-block=\"kb-adv-heading12741_601024-6a\"><em>Le Qu\u00e9bec, connais-tu?<\/em><\/h2>\n\n\n<style>.wp-block-kadence-advancedheading.kt-adv-heading12741_168260-af, .wp-block-kadence-advancedheading.kt-adv-heading12741_168260-af[data-kb-block=\"kb-adv-heading12741_168260-af\"]{padding-right:135px;padding-left:135px;margin-top:0px;text-align:center;font-size:20px;line-height:32px;font-weight:400;font-style:normal;font-family:Fraunces;}.wp-block-kadence-advancedheading.kt-adv-heading12741_168260-af mark.kt-highlight, .wp-block-kadence-advancedheading.kt-adv-heading12741_168260-af[data-kb-block=\"kb-adv-heading12741_168260-af\"] mark.kt-highlight{font-size:20px;line-height:32px;font-style:normal;color:#f76a0c;-webkit-box-decoration-break:clone;box-decoration-break:clone;padding-top:0px;padding-right:0px;padding-bottom:0px;padding-left:0px;}.wp-block-kadence-advancedheading.kt-adv-heading12741_168260-af img.kb-inline-image, .wp-block-kadence-advancedheading.kt-adv-heading12741_168260-af[data-kb-block=\"kb-adv-heading12741_168260-af\"] img.kb-inline-image{width:150px;vertical-align:baseline;}@media all and (max-width: 1024px){.wp-block-kadence-advancedheading.kt-adv-heading12741_168260-af, .wp-block-kadence-advancedheading.kt-adv-heading12741_168260-af[data-kb-block=\"kb-adv-heading12741_168260-af\"]{padding-right:35px;padding-left:35px;text-align:center!important;}}@media all and (max-width: 767px){.wp-block-kadence-advancedheading.kt-adv-heading12741_168260-af, .wp-block-kadence-advancedheading.kt-adv-heading12741_168260-af[data-kb-block=\"kb-adv-heading12741_168260-af\"]{padding-right:25px;padding-left:25px;margin-right:0px;margin-left:0px;text-align:center!important;}}<\/style>\n<p class=\"kt-adv-heading12741_168260-af wp-block-kadence-advancedheading has-white-color has-text-color\" data-kb-block=\"kb-adv-heading12741_168260-af\" data-aos-duration=\"1200\" data-aos-once=\"true\"><strong>Its history, its language, its culture, its regions<br><\/strong>Discover Qu\u00e9bec while learning French!<\/p>\n<\/div><\/div>\n\n<\/div><\/div>\n\n<style>.kb-row-layout-id12741_be1cf4-56 > .kt-row-column-wrap{align-content:start;}:where(.kb-row-layout-id12741_be1cf4-56 > .kt-row-column-wrap) > .wp-block-kadence-column{justify-content:start;}.kb-row-layout-id12741_be1cf4-56 > .kt-row-column-wrap{column-gap:var(--global-kb-gap-md, 2rem);row-gap:var(--global-kb-gap-md, 2rem);padding-top:var(--global-kb-spacing-sm, 1.5rem);grid-template-columns:repeat(2, minmax(0, 1fr));}.kb-row-layout-id12741_be1cf4-56 > .kt-row-layout-overlay{opacity:0.30;}@media all and (max-width: 1024px){.kb-row-layout-id12741_be1cf4-56 > .kt-row-column-wrap{grid-template-columns:repeat(2, minmax(0, 1fr));}}@media all and (max-width: 767px){.kb-row-layout-id12741_be1cf4-56 > .kt-row-column-wrap{grid-template-columns:minmax(0, 1fr);}}<\/style><div class=\"kb-row-layout-wrap kb-row-layout-id12741_be1cf4-56 alignnone wp-block-kadence-rowlayout\"><div class=\"kt-row-column-wrap kt-has-2-columns kt-row-layout-equal kt-tab-layout-inherit kt-mobile-layout-row kt-row-valign-top\">\n<style>.kadence-column12741_891c1d-39 > .kt-inside-inner-col,.kadence-column12741_891c1d-39 > .kt-inside-inner-col:before{border-top-left-radius:0px;border-top-right-radius:0px;border-bottom-right-radius:0px;border-bottom-left-radius:0px;}.kadence-column12741_891c1d-39 > .kt-inside-inner-col{column-gap:var(--global-kb-gap-sm, 1rem);}.kadence-column12741_891c1d-39 > .kt-inside-inner-col{flex-direction:column;}.kadence-column12741_891c1d-39 > .kt-inside-inner-col > .aligncenter{width:100%;}.kadence-column12741_891c1d-39 > .kt-inside-inner-col:before{opacity:0.3;}.kadence-column12741_891c1d-39{position:relative;}@media all and (max-width: 1024px){.kadence-column12741_891c1d-39 > .kt-inside-inner-col{flex-direction:column;justify-content:center;}}@media all and (max-width: 767px){.kadence-column12741_891c1d-39 > .kt-inside-inner-col{flex-direction:column;justify-content:center;}}<\/style>\n<div class=\"wp-block-kadence-column kadence-column12741_891c1d-39\"><div class=\"kt-inside-inner-col\">\n<p>In partnership with the Association Internationale des \u00c9tudes Qu\u00e9b\u00e9coises (AIEQ), the Canadian-American Center offers 50 complimentary copies of AIEQ&#8217;s new book, <em>Le Qu\u00e9bec, connais-tu?, <\/em>to K-12 French instructors<em>.<\/em> The new book aims to provide a general overview of Qu\u00e9bec culture and history accompanied by pedagogical activities.&nbsp;<\/p>\n\n\n\n<p>To explore the table of contents for this book, please click the following button:<\/p>\n\n\n<style>.wp-block-kadence-advancedbtn.kb-btns12741_0d099a-63{gap:var(--global-kb-gap-xs, 0.5rem );justify-content:center;align-items:center;}.kt-btns12741_0d099a-63 .kt-button{font-weight:normal;font-style:normal;}.kt-btns12741_0d099a-63 .kt-btn-wrap-0{margin-right:5px;}.wp-block-kadence-advancedbtn.kt-btns12741_0d099a-63 .kt-btn-wrap-0 .kt-button{color:#555555;border-color:#555555;}.wp-block-kadence-advancedbtn.kt-btns12741_0d099a-63 .kt-btn-wrap-0 .kt-button:hover, .wp-block-kadence-advancedbtn.kt-btns12741_0d099a-63 .kt-btn-wrap-0 .kt-button:focus{color:#ffffff;border-color:#444444;}.wp-block-kadence-advancedbtn.kt-btns12741_0d099a-63 .kt-btn-wrap-0 .kt-button::before{display:none;}.wp-block-kadence-advancedbtn.kt-btns12741_0d099a-63 .kt-btn-wrap-0 .kt-button:hover, .wp-block-kadence-advancedbtn.kt-btns12741_0d099a-63 .kt-btn-wrap-0 .kt-button:focus{background:#444444;}<\/style>\n<div class=\"wp-block-kadence-advancedbtn kb-buttons-wrap kb-btns12741_0d099a-63\"><style>ul.menu .wp-block-kadence-advancedbtn .kb-btn12741_cc2b10-b8.kb-button{width:initial;}.wp-block-kadence-advancedbtn .kb-btn12741_cc2b10-b8.kb-button{color:#faf4ec;background:#082e58;}.wp-block-kadence-advancedbtn .kb-btn12741_cc2b10-b8.kb-button:hover, .wp-block-kadence-advancedbtn .kb-btn12741_cc2b10-b8.kb-button:focus{color:#082e58;background:#ed6f48;}<\/style><a class=\"kb-button kt-button button kb-btn12741_cc2b10-b8 kt-btn-size-large kt-btn-width-type-full kb-btn-global-inherit  kt-btn-has-text-true kt-btn-has-svg-false  wp-block-button__link wp-block-kadence-singlebtn\" href=\"https:\/\/aieq.qc.ca\/lqct\/\"><span class=\"kt-btn-inner-text\">View the table of contents<\/span><\/a><\/div>\n\n\n\n<div class=\"wp-block-buttons is-layout-flex wp-block-buttons-is-layout-flex\"><\/div>\n\n\n\n<p><\/p>\n\n\n\n<p><\/p>\n<\/div><\/div>\n\n\n<style>.kadence-column12741_e13ced-1f > .kt-inside-inner-col,.kadence-column12741_e13ced-1f > .kt-inside-inner-col:before{border-top-left-radius:0px;border-top-right-radius:0px;border-bottom-right-radius:0px;border-bottom-left-radius:0px;}.kadence-column12741_e13ced-1f > .kt-inside-inner-col{column-gap:var(--global-kb-gap-sm, 1rem);}.kadence-column12741_e13ced-1f > .kt-inside-inner-col{flex-direction:column;}.kadence-column12741_e13ced-1f > .kt-inside-inner-col > .aligncenter{width:100%;}.kadence-column12741_e13ced-1f > .kt-inside-inner-col:before{opacity:0.3;}.kadence-column12741_e13ced-1f{position:relative;}@media all and (max-width: 1024px){.kadence-column12741_e13ced-1f > .kt-inside-inner-col{flex-direction:column;justify-content:center;}}@media all and (max-width: 767px){.kadence-column12741_e13ced-1f > .kt-inside-inner-col{flex-direction:column;justify-content:center;}}<\/style>\n<div class=\"wp-block-kadence-column kadence-column12741_e13ced-1f\"><div class=\"kt-inside-inner-col\"><style>.kb-image12741_0976c6-ee .kb-image-has-overlay:after{opacity:0.3;}<\/style>\n<div class=\"wp-block-kadence-image kb-image12741_0976c6-ee\"><figure class=\"aligncenter size-medium\"><a href=\"https:\/\/umaine.edu\/canam\/wp-content\/uploads\/sites\/149\/2025\/11\/AIEQ-book-flyer-scaled.png\" class=\"kb-advanced-image-link\" target=\"_blank\" aria-label=\"Flyer\" rel=\"noopener noreferrer\"><img loading=\"lazy\" decoding=\"async\" width=\"232\" height=\"300\" src=\"https:\/\/umaine.edu\/canam\/wp-content\/uploads\/sites\/149\/2025\/11\/AIEQ-book-flyer-232x300.png\" alt=\"An image of the flyer for promoting the AIEQ book, Le Qu\u00e9bec, connais-tu?\" class=\"kb-img wp-image-12746\" srcset=\"https:\/\/umaine.edu\/canam\/wp-content\/uploads\/sites\/149\/2025\/11\/AIEQ-book-flyer-232x300.png 232w, https:\/\/umaine.edu\/canam\/wp-content\/uploads\/sites\/149\/2025\/11\/AIEQ-book-flyer-791x1024.png 791w, https:\/\/umaine.edu\/canam\/wp-content\/uploads\/sites\/149\/2025\/11\/AIEQ-book-flyer-768x994.png 768w, https:\/\/umaine.edu\/canam\/wp-content\/uploads\/sites\/149\/2025\/11\/AIEQ-book-flyer-1187x1536.png 1187w, https:\/\/umaine.edu\/canam\/wp-content\/uploads\/sites\/149\/2025\/11\/AIEQ-book-flyer-1583x2048.png 1583w, https:\/\/umaine.edu\/canam\/wp-content\/uploads\/sites\/149\/2025\/11\/AIEQ-book-flyer-105x136.png 105w, https:\/\/umaine.edu\/canam\/wp-content\/uploads\/sites\/149\/2025\/11\/AIEQ-book-flyer-317x410.png 317w, https:\/\/umaine.edu\/canam\/wp-content\/uploads\/sites\/149\/2025\/11\/AIEQ-book-flyer-423x547.png 423w, https:\/\/umaine.edu\/canam\/wp-content\/uploads\/sites\/149\/2025\/11\/AIEQ-book-flyer-634x820.png 634w, https:\/\/umaine.edu\/canam\/wp-content\/uploads\/sites\/149\/2025\/11\/AIEQ-book-flyer-846x1095.png 846w, https:\/\/umaine.edu\/canam\/wp-content\/uploads\/sites\/149\/2025\/11\/AIEQ-book-flyer-951x1231.png 951w, https:\/\/umaine.edu\/canam\/wp-content\/uploads\/sites\/149\/2025\/11\/AIEQ-book-flyer-1268x1641.png 1268w, https:\/\/umaine.edu\/canam\/wp-content\/uploads\/sites\/149\/2025\/11\/AIEQ-book-flyer-scaled.png 1978w\" sizes=\"auto, (max-width: 320px) 85vw, (max-width: 768px) 67vw, (max-width: 1024px) 62vw,232px\" \/><\/a><\/figure><\/div>\n<\/div><\/div>\n\n<\/div><\/div>\n\n<style>.kb-row-layout-id12741_7a0c40-c3 > .kt-row-column-wrap{align-content:start;}:where(.kb-row-layout-id12741_7a0c40-c3 > .kt-row-column-wrap) > .wp-block-kadence-column{justify-content:start;}.kb-row-layout-id12741_7a0c40-c3 > .kt-row-column-wrap{column-gap:var(--global-kb-gap-md, 2rem);row-gap:var(--global-kb-gap-md, 2rem);padding-top:var(--global-kb-spacing-sm, 1.5rem);padding-bottom:var(--global-kb-spacing-sm, 1.5rem);grid-template-columns:minmax(0, 1fr);}.kb-row-layout-id12741_7a0c40-c3 > .kt-row-layout-overlay{opacity:0.30;}@media all and (max-width: 1024px){.kb-row-layout-id12741_7a0c40-c3 > .kt-row-column-wrap{grid-template-columns:minmax(0, 1fr);}}@media all and (max-width: 767px){.kb-row-layout-id12741_7a0c40-c3 > .kt-row-column-wrap{grid-template-columns:minmax(0, 1fr);}}<\/style><div class=\"kb-row-layout-wrap kb-row-layout-id12741_7a0c40-c3 alignnone wp-block-kadence-rowlayout\"><div class=\"kt-row-column-wrap kt-has-1-columns kt-row-layout-equal kt-tab-layout-inherit kt-mobile-layout-row kt-row-valign-top\">\n<style>.kadence-column12741_8fb01b-29 > .kt-inside-inner-col,.kadence-column12741_8fb01b-29 > .kt-inside-inner-col:before{border-top-left-radius:0px;border-top-right-radius:0px;border-bottom-right-radius:0px;border-bottom-left-radius:0px;}.kadence-column12741_8fb01b-29 > .kt-inside-inner-col{column-gap:var(--global-kb-gap-sm, 1rem);}.kadence-column12741_8fb01b-29 > .kt-inside-inner-col{flex-direction:column;}.kadence-column12741_8fb01b-29 > .kt-inside-inner-col > .aligncenter{width:100%;}.kadence-column12741_8fb01b-29 > .kt-inside-inner-col:before{opacity:0.3;}.kadence-column12741_8fb01b-29{position:relative;}@media all and (max-width: 1024px){.kadence-column12741_8fb01b-29 > .kt-inside-inner-col{flex-direction:column;justify-content:center;}}@media all and (max-width: 767px){.kadence-column12741_8fb01b-29 > .kt-inside-inner-col{flex-direction:column;justify-content:center;}}<\/style>\n<div class=\"wp-block-kadence-column kadence-column12741_8fb01b-29\"><div class=\"kt-inside-inner-col\"><style>.wp-block-kadence-advancedheading.kt-adv-heading12741_f23975-48, .wp-block-kadence-advancedheading.kt-adv-heading12741_f23975-48[data-kb-block=\"kb-adv-heading12741_f23975-48\"]{font-style:normal;}.wp-block-kadence-advancedheading.kt-adv-heading12741_f23975-48 mark.kt-highlight, .wp-block-kadence-advancedheading.kt-adv-heading12741_f23975-48[data-kb-block=\"kb-adv-heading12741_f23975-48\"] mark.kt-highlight{font-style:normal;color:#f76a0c;-webkit-box-decoration-break:clone;box-decoration-break:clone;padding-top:0px;padding-right:0px;padding-bottom:0px;padding-left:0px;}.wp-block-kadence-advancedheading.kt-adv-heading12741_f23975-48 img.kb-inline-image, .wp-block-kadence-advancedheading.kt-adv-heading12741_f23975-48[data-kb-block=\"kb-adv-heading12741_f23975-48\"] img.kb-inline-image{width:150px;vertical-align:baseline;}<\/style>\n<h2 class=\"kt-adv-heading12741_f23975-48 wp-block-kadence-advancedheading\" data-kb-block=\"kb-adv-heading12741_f23975-48\">To obtain a copy of this online book, please submit an application by clicking the button below:<\/h2>\n\n\n<style>.wp-block-kadence-advancedbtn.kb-btns12741_6e025a-4c{gap:var(--global-kb-gap-xs, 0.5rem );justify-content:center;align-items:center;}.kt-btns12741_6e025a-4c .kt-button{font-weight:normal;font-style:normal;}.kt-btns12741_6e025a-4c .kt-btn-wrap-0{margin-right:5px;}.wp-block-kadence-advancedbtn.kt-btns12741_6e025a-4c .kt-btn-wrap-0 .kt-button{color:#555555;border-color:#555555;}.wp-block-kadence-advancedbtn.kt-btns12741_6e025a-4c .kt-btn-wrap-0 .kt-button:hover, .wp-block-kadence-advancedbtn.kt-btns12741_6e025a-4c .kt-btn-wrap-0 .kt-button:focus{color:#ffffff;border-color:#444444;}.wp-block-kadence-advancedbtn.kt-btns12741_6e025a-4c .kt-btn-wrap-0 .kt-button::before{display:none;}.wp-block-kadence-advancedbtn.kt-btns12741_6e025a-4c .kt-btn-wrap-0 .kt-button:hover, .wp-block-kadence-advancedbtn.kt-btns12741_6e025a-4c .kt-btn-wrap-0 .kt-button:focus{background:#444444;}<\/style>\n<div class=\"wp-block-kadence-advancedbtn kb-buttons-wrap kb-btns12741_6e025a-4c\"><style>ul.menu .wp-block-kadence-advancedbtn .kb-btn12741_7760ef-b0.kb-button{width:initial;}.wp-block-kadence-advancedbtn .kb-btn12741_7760ef-b0.kb-button{color:#faf4ec;background:#082e58;}.wp-block-kadence-advancedbtn .kb-btn12741_7760ef-b0.kb-button:hover, .wp-block-kadence-advancedbtn .kb-btn12741_7760ef-b0.kb-button:focus{color:#082e58;background:#ed6f48;}<\/style><a class=\"kb-button kt-button button kb-btn12741_7760ef-b0 kt-btn-size-xlarge kt-btn-width-type-full kb-btn-global-inherit  kt-btn-has-text-true kt-btn-has-svg-false  wp-block-button__link wp-block-kadence-singlebtn\" href=\"https:\/\/docs.google.com\/forms\/d\/e\/1FAIpQLSdr0Xq4V8tDzG88xXkjC6zCAnj1yUQ8PmZcGYOeLrh9eiNwCA\/viewform?usp=header\"><span class=\"kt-btn-inner-text\">Submit an application<\/span><\/a><\/div>\n<\/div><\/div>\n\n<\/div><\/div>\n\n\n<p><\/p>\n","protected":false},"excerpt":{"rendered":"<p>Le Qu\u00e9bec, connais-tu? Its history, its language, its culture, its regionsDiscover Qu\u00e9bec while learning French! In partnership with the Association Internationale des \u00c9tudes Qu\u00e9b\u00e9coises (AIEQ), the Canadian-American Center offers 50 complimentary copies of AIEQ&#8217;s new book, Le Qu\u00e9bec, connais-tu?, to K-12 French instructors. The new book aims to provide a general overview of Qu\u00e9bec culture [&hellip;]<\/p>\n","protected":false},"author":1945,"featured_media":0,"parent":0,"menu_order":0,"comment_status":"closed","ping_status":"closed","template":"","meta":{"_seopress_robots_primary_cat":"","_seopress_titles_title":"","_seopress_titles_desc":"","_seopress_robots_index":"","_kad_blocks_custom_css":"","_kad_blocks_head_custom_js":"","_kad_blocks_body_custom_js":"","_kad_blocks_footer_custom_js":"","_monsterinsights_skip_tracking":false,"_monsterinsights_sitenote_active":false,"_monsterinsights_sitenote_note":"","_monsterinsights_sitenote_category":0,"footnotes":""},"class_list":["post-12741","page","type-page","status-publish","hentry"],"taxonomy_info":[],"featured_image_src_large":false,"author_info":{"display_name":"alefebvre","author_link":"https:\/\/umaine.edu\/canam\/author\/alefebvre\/"},"comment_info":0,"_links":{"self":[{"href":"https:\/\/umaine.edu\/canam\/wp-json\/wp\/v2\/pages\/12741","targetHints":{"allow":["GET"]}}],"collection":[{"href":"https:\/\/umaine.edu\/canam\/wp-json\/wp\/v2\/pages"}],"about":[{"href":"https:\/\/umaine.edu\/canam\/wp-json\/wp\/v2\/types\/page"}],"author":[{"embeddable":true,"href":"https:\/\/umaine.edu\/canam\/wp-json\/wp\/v2\/users\/1945"}],"replies":[{"embeddable":true,"href":"https:\/\/umaine.edu\/canam\/wp-json\/wp\/v2\/comments?post=12741"}],"version-history":[{"count":6,"href":"https:\/\/umaine.edu\/canam\/wp-json\/wp\/v2\/pages\/12741\/revisions"}],"predecessor-version":[{"id":12759,"href":"https:\/\/umaine.edu\/canam\/wp-json\/wp\/v2\/pages\/12741\/revisions\/12759"}],"wp:attachment":[{"href":"https:\/\/umaine.edu\/canam\/wp-json\/wp\/v2\/media?parent=12741"}],"curies":[{"name":"wp","href":"https:\/\/api.w.org\/{rel}","templated":true}]}}